{"id":475,"date":"2017-10-25T14:06:33","date_gmt":"2017-10-25T12:06:33","guid":{"rendered":"http:\/\/www.joachim-richau.de\/info\/?page_id=475"},"modified":"2017-10-25T14:14:59","modified_gmt":"2017-10-25T12:14:59","slug":"zentrum-fuer-kunst-und-oeffentlichen-raum-schloss-biesdorf","status":"publish","type":"page","link":"http:\/\/www.joachim-richau.de\/info\/zentrum-fuer-kunst-und-oeffentlichen-raum-schloss-biesdorf\/","title":{"rendered":"Zentrum f\u00fcr Kunst und \u00f6ffentlichen Raum Schloss Biesdorf"},"content":{"rendered":"<p><a href=\"http:\/\/www.art-in-berlin.de\/incbmeld.php?id=4439\" target=\"_blank\" rel=\"noopener\"><strong>Ein R\u00fcckblick auf die Gegenwart<\/strong><\/a><\/p>\n<p>Blick Verschiebung im Zentrum f\u00fcr Kunst und \u00f6ffentlichen Raum Schloss Biesdorf<\/p>\n<p>Aus:<br \/>\nart in berlin &#8211; Meldungen zur zeitgen\u00f6ssischen Kunst in Berlin<\/p>\n<hr \/>\n","protected":false},"excerpt":{"rendered":"<p>Ein R\u00fcckblick auf die Gegenwart Blick Verschiebung im Zentrum f\u00fcr Kunst und \u00f6ffentlichen Raum Schloss Biesdorf Aus: art in berlin &#8211; Meldungen zur zeitgen\u00f6ssischen Kunst in Berlin<\/p>\n","protected":false},"author":1,"featured_media":0,"parent":0,"menu_order":0,"comment_status":"closed","ping_status":"closed","template":"","meta":{"_acf_changed":false,"footnotes":""},"class_list":["entry","page","publish","author-sop","post-475"],"acf":[],"_links":{"self":[{"href":"http:\/\/www.joachim-richau.de\/info\/wp-json\/wp\/v2\/pages\/475","targetHints":{"allow":["GET"]}}],"collection":[{"href":"http:\/\/www.joachim-richau.de\/info\/wp-json\/wp\/v2\/pages"}],"about":[{"href":"http:\/\/www.joachim-richau.de\/info\/wp-json\/wp\/v2\/types\/page"}],"author":[{"embeddable":true,"href":"http:\/\/www.joachim-richau.de\/info\/wp-json\/wp\/v2\/users\/1"}],"replies":[{"embeddable":true,"href":"http:\/\/www.joachim-richau.de\/info\/wp-json\/wp\/v2\/comments?post=475"}],"version-history":[{"count":4,"href":"http:\/\/www.joachim-richau.de\/info\/wp-json\/wp\/v2\/pages\/475\/revisions"}],"predecessor-version":[{"id":482,"href":"http:\/\/www.joachim-richau.de\/info\/wp-json\/wp\/v2\/pages\/475\/revisions\/482"}],"wp:attachment":[{"href":"http:\/\/www.joachim-richau.de\/info\/wp-json\/wp\/v2\/media?parent=475"}],"curies":[{"name":"wp","href":"https:\/\/api.w.org\/{rel}","templated":true}]}}